{"id":28,"date":"2023-08-01T13:33:11","date_gmt":"2023-08-01T13:33:11","guid":{"rendered":"http:\/\/www.ezbersizegitimplatformu.com\/?page_id=28"},"modified":"2023-10-08T08:47:21","modified_gmt":"2023-10-08T08:47:21","slug":"pisa-nedir","status":"publish","type":"page","link":"http:\/\/www.ezbersizegitimplatformu.com\/index.php\/cocuklarimiza-anadilimizi-ogretemiyoruz\/pisa-nedir\/","title":{"rendered":"Pisa Nedir?\u00a0\u00a0"},"content":{"rendered":"<div class=\"pvc_clear\"><\/div><p id=\"pvc_stats_28\" class=\"pvc_stats all  \" data-element-id=\"28\" style=\"\"><i class=\"pvc-stats-icon medium\" aria-hidden=\"true\"><svg aria-hidden=\"true\" focusable=\"false\" data-prefix=\"far\" data-icon=\"chart-bar\" role=\"img\" xmlns=\"http:\/\/www.w3.org\/2000\/svg\" viewBox=\"0 0 512 512\" class=\"svg-inline--fa fa-chart-bar fa-w-16 fa-2x\"><path fill=\"currentColor\" d=\"M396.8 352h22.4c6.4 0 12.8-6.4 12.8-12.8V108.8c0-6.4-6.4-12.8-12.8-12.8h-22.4c-6.4 0-12.8 6.4-12.8 12.8v230.4c0 6.4 6.4 12.8 12.8 12.8zm-192 0h22.4c6.4 0 12.8-6.4 12.8-12.8V140.8c0-6.4-6.4-12.8-12.8-12.8h-22.4c-6.4 0-12.8 6.4-12.8 12.8v198.4c0 6.4 6.4 12.8 12.8 12.8zm96 0h22.4c6.4 0 12.8-6.4 12.8-12.8V204.8c0-6.4-6.4-12.8-12.8-12.8h-22.4c-6.4 0-12.8 6.4-12.8 12.8v134.4c0 6.4 6.4 12.8 12.8 12.8zM496 400H48V80c0-8.84-7.16-16-16-16H16C7.16 64 0 71.16 0 80v336c0 17.67 14.33 32 32 32h464c8.84 0 16-7.16 16-16v-16c0-8.84-7.16-16-16-16zm-387.2-48h22.4c6.4 0 12.8-6.4 12.8-12.8v-70.4c0-6.4-6.4-12.8-12.8-12.8h-22.4c-6.4 0-12.8 6.4-12.8 12.8v70.4c0 6.4 6.4 12.8 12.8 12.8z\" class=\"\"><\/path><\/svg><\/i> <img decoding=\"async\" loading=\"lazy\" width=\"16\" height=\"16\" alt=\"Loading\" src=\"http:\/\/www.ezbersizegitimplatformu.com\/wp-content\/plugins\/page-views-count\/ajax-loader-2x.gif\" border=0 \/><\/p><div class=\"pvc_clear\"><\/div>\n<p>PISA, 2003 y\u0131l\u0131ndan itibaren dahil oldu\u011fumuz ve ba\u015fta OECD \u00fcyeleri olmak \u00fczere, son olarak 79 \u00fclkenin kat\u0131ld\u0131\u011f\u0131 uluslararas\u0131 bir de\u011ferlendirme program\u0131d\u0131r.&nbsp;<\/p>\n\n\n\n<p>Bu program, \u00f6\u011frencilerin 15 ya\u015f\u0131na kadar e\u011fitim yoluyla kazand\u0131\u011f\u0131 <strong>okudu\u011funu anlama,<\/strong> <strong>matematik <\/strong>ve <strong>fen <\/strong>becerilerini \u00f6l\u00e7mektedir.&nbsp;<\/p>\n\n\n\n<p><strong>AMACI NED\u0130R?<\/strong><br><strong>PISA\u2019n\u0131n amac\u0131,<\/strong> <strong>bu ya\u015f grubundaki d\u00fcnya \u00e7ocuklar\u0131n\u0131n yukar\u0131da belirtilen temel becerileri<\/strong> hangi d\u00fczeyde kazand\u0131klar\u0131n\u0131 tespit edip, ilgili \u00fclkelerle payla\u015farak, o \u00fclkelerin kendi e\u011fitim<strong> <\/strong>sistemlerinde iyile\u015ftirme yapmas\u0131n\u0131 sa\u011flamakt\u0131r.<\/p>\n\n\n\n<!-- PAGE VISITS COUNTER - DARK -->\n<div id=\"strcpv-page-counter\">N\/A<\/div>\n<style>\n#strcpv-page-counter {\ntext-align: left;\n}\n#strcpv-page-counter p {\ndisplay: inline-block !important;\npadding-top: 0 !important;\npadding-bottom: 0 !important;\npadding-left: 5px !important;\npadding-right: 1px !important;\nletter-spacing: 5px !important;\nbackground-color: black !important;\ncolor: white !important;\nborder-radius: 4px !important;\nfont-weight: bold !important;\nfont-size: 12px !important;\n}\n<\/style>\n","protected":false},"excerpt":{"rendered":"<div class=\"pvc_clear\"><\/div>\n<p id=\"pvc_stats_28\" class=\"pvc_stats all  \" data-element-id=\"28\" style=\"\"><i class=\"pvc-stats-icon medium\" aria-hidden=\"true\"><svg aria-hidden=\"true\" focusable=\"false\" data-prefix=\"far\" data-icon=\"chart-bar\" role=\"img\" xmlns=\"http:\/\/www.w3.org\/2000\/svg\" viewBox=\"0 0 512 512\" class=\"svg-inline--fa fa-chart-bar fa-w-16 fa-2x\"><path fill=\"currentColor\" d=\"M396.8 352h22.4c6.4 0 12.8-6.4 12.8-12.8V108.8c0-6.4-6.4-12.8-12.8-12.8h-22.4c-6.4 0-12.8 6.4-12.8 12.8v230.4c0 6.4 6.4 12.8 12.8 12.8zm-192 0h22.4c6.4 0 12.8-6.4 12.8-12.8V140.8c0-6.4-6.4-12.8-12.8-12.8h-22.4c-6.4 0-12.8 6.4-12.8 12.8v198.4c0 6.4 6.4 12.8 12.8 12.8zm96 0h22.4c6.4 0 12.8-6.4 12.8-12.8V204.8c0-6.4-6.4-12.8-12.8-12.8h-22.4c-6.4 0-12.8 6.4-12.8 12.8v134.4c0 6.4 6.4 12.8 12.8 12.8zM496 400H48V80c0-8.84-7.16-16-16-16H16C7.16 64 0 71.16 0 80v336c0 17.67 14.33 32 32 32h464c8.84 0 16-7.16 16-16v-16c0-8.84-7.16-16-16-16zm-387.2-48h22.4c6.4 0 12.8-6.4 12.8-12.8v-70.4c0-6.4-6.4-12.8-12.8-12.8h-22.4c-6.4 0-12.8 6.4-12.8 12.8v70.4c0 6.4 6.4 12.8 12.8 12.8z\" class=\"\"><\/path><\/svg><\/i> <img decoding=\"async\" loading=\"lazy\" width=\"16\" height=\"16\" alt=\"Loading\" src=\"http:\/\/www.ezbersizegitimplatformu.com\/wp-content\/plugins\/page-views-count\/ajax-loader-2x.gif\" border=0 \/><\/p>\n<div class=\"pvc_clear\"><\/div>\n<p>PISA, 2003 y\u0131l\u0131ndan itibaren dahil oldu\u011fumuz ve ba\u015fta OECD \u00fcyeleri olmak \u00fczere, son olarak 79 \u00fclkenin kat\u0131ld\u0131\u011f\u0131 uluslararas\u0131 bir de\u011ferlendirme program\u0131d\u0131r.&nbsp; Bu program, \u00f6\u011frencilerin 15 &hellip; <\/p>\n","protected":false},"author":1,"featured_media":29,"parent":23,"menu_order":0,"comment_status":"closed","ping_status":"closed","template":"","meta":[],"yoast_head":"<!-- This site is optimized with the Yoast SEO plugin v21.3 - https:\/\/yoast.com\/wordpress\/plugins\/seo\/ -->\n<title>Pisa Nedir?\u00a0\u00a0 - Ezbersiz E\u011fitim Platformu<\/title>\n<meta name=\"robots\" content=\"index, follow, max-snippet:-1, max-image-preview:large, max-video-preview:-1\" \/>\n<link rel=\"canonical\" href=\"http:\/\/www.ezbersizegitimplatformu.com\/index.php\/cocuklarimiza-anadilimizi-ogretemiyoruz\/pisa-nedir\/\" \/>\n<meta property=\"og:locale\" content=\"tr_TR\" \/>\n<meta property=\"og:type\" content=\"article\" \/>\n<meta property=\"og:title\" content=\"Pisa Nedir?\u00a0\u00a0 - Ezbersiz E\u011fitim Platformu\" \/>\n<meta property=\"og:description\" content=\"PISA, 2003 y\u0131l\u0131ndan itibaren dahil oldu\u011fumuz ve ba\u015fta OECD \u00fcyeleri olmak \u00fczere, son olarak 79 \u00fclkenin kat\u0131ld\u0131\u011f\u0131 uluslararas\u0131 bir de\u011ferlendirme program\u0131d\u0131r.&nbsp; Bu program, \u00f6\u011frencilerin 15 &hellip;\" \/>\n<meta property=\"og:url\" content=\"http:\/\/www.ezbersizegitimplatformu.com\/index.php\/cocuklarimiza-anadilimizi-ogretemiyoruz\/pisa-nedir\/\" \/>\n<meta property=\"og:site_name\" content=\"Ezbersiz E\u011fitim Platformu\" \/>\n<meta property=\"article:modified_time\" content=\"2023-10-08T08:47:21+00:00\" \/>\n<meta property=\"og:image\" content=\"http:\/\/www.ezbersizegitimplatformu.com\/wp-content\/uploads\/2023\/08\/pisa.jpeg\" \/>\n\t<meta property=\"og:image:width\" content=\"845\" \/>\n\t<meta property=\"og:image:height\" content=\"321\" \/>\n\t<meta property=\"og:image:type\" content=\"image\/jpeg\" \/>\n<meta name=\"twitter:card\" content=\"summary_large_image\" \/>\n<meta name=\"twitter:label1\" content=\"Tahmini okuma s\u00fcresi\" \/>\n\t<meta name=\"twitter:data1\" content=\"1 dakika\" \/>\n<script type=\"application\/ld+json\" class=\"yoast-schema-graph\">{\"@context\":\"https:\/\/schema.org\",\"@graph\":[{\"@type\":\"WebPage\",\"@id\":\"http:\/\/www.ezbersizegitimplatformu.com\/index.php\/cocuklarimiza-anadilimizi-ogretemiyoruz\/pisa-nedir\/\",\"url\":\"http:\/\/www.ezbersizegitimplatformu.com\/index.php\/cocuklarimiza-anadilimizi-ogretemiyoruz\/pisa-nedir\/\",\"name\":\"Pisa Nedir?\u00a0\u00a0 - Ezbersiz E\u011fitim Platformu\",\"isPartOf\":{\"@id\":\"https:\/\/www.ezbersizegitimplatformu.com\/#website\"},\"datePublished\":\"2023-08-01T13:33:11+00:00\",\"dateModified\":\"2023-10-08T08:47:21+00:00\",\"breadcrumb\":{\"@id\":\"http:\/\/www.ezbersizegitimplatformu.com\/index.php\/cocuklarimiza-anadilimizi-ogretemiyoruz\/pisa-nedir\/#breadcrumb\"},\"inLanguage\":\"tr\",\"potentialAction\":[{\"@type\":\"ReadAction\",\"target\":[\"http:\/\/www.ezbersizegitimplatformu.com\/index.php\/cocuklarimiza-anadilimizi-ogretemiyoruz\/pisa-nedir\/\"]}]},{\"@type\":\"BreadcrumbList\",\"@id\":\"http:\/\/www.ezbersizegitimplatformu.com\/index.php\/cocuklarimiza-anadilimizi-ogretemiyoruz\/pisa-nedir\/#breadcrumb\",\"itemListElement\":[{\"@type\":\"ListItem\",\"position\":1,\"name\":\"Anasayfa\",\"item\":\"https:\/\/www.ezbersizegitimplatformu.com\/\"},{\"@type\":\"ListItem\",\"position\":2,\"name\":\"Ders: T\u00fcrk\u00e7e &#8211; Birinci B\u00f6l\u00fcm\",\"item\":\"http:\/\/www.ezbersizegitimplatformu.com\/index.php\/cocuklarimiza-anadilimizi-ogretemiyoruz\/\"},{\"@type\":\"ListItem\",\"position\":3,\"name\":\"Pisa Nedir?\u00a0\u00a0\"}]},{\"@type\":\"WebSite\",\"@id\":\"https:\/\/www.ezbersizegitimplatformu.com\/#website\",\"url\":\"https:\/\/www.ezbersizegitimplatformu.com\/\",\"name\":\"Ezbersiz E\u011fitim Platformu\",\"description\":\"&Ccedil;ocuklar\u0131m\u0131z\u0131 Ezberden Kurtarma ve E\u011fitimi D&ouml;n&uuml;\u015ft&uuml;rme Hareketi\",\"potentialAction\":[{\"@type\":\"SearchAction\",\"target\":{\"@type\":\"EntryPoint\",\"urlTemplate\":\"https:\/\/www.ezbersizegitimplatformu.com\/?s={search_term_string}\"},\"query-input\":\"required name=search_term_string\"}],\"inLanguage\":\"tr\"}]}<\/script>\n<!-- \/ Yoast SEO plugin. -->","yoast_head_json":{"title":"Pisa Nedir?\u00a0\u00a0 - Ezbersiz E\u011fitim Platformu","robots":{"index":"index","follow":"follow","max-snippet":"max-snippet:-1","max-image-preview":"max-image-preview:large","max-video-preview":"max-video-preview:-1"},"canonical":"http:\/\/www.ezbersizegitimplatformu.com\/index.php\/cocuklarimiza-anadilimizi-ogretemiyoruz\/pisa-nedir\/","og_locale":"tr_TR","og_type":"article","og_title":"Pisa Nedir?\u00a0\u00a0 - Ezbersiz E\u011fitim Platformu","og_description":"PISA, 2003 y\u0131l\u0131ndan itibaren dahil oldu\u011fumuz ve ba\u015fta OECD \u00fcyeleri olmak \u00fczere, son olarak 79 \u00fclkenin kat\u0131ld\u0131\u011f\u0131 uluslararas\u0131 bir de\u011ferlendirme program\u0131d\u0131r.&nbsp; Bu program, \u00f6\u011frencilerin 15 &hellip;","og_url":"http:\/\/www.ezbersizegitimplatformu.com\/index.php\/cocuklarimiza-anadilimizi-ogretemiyoruz\/pisa-nedir\/","og_site_name":"Ezbersiz E\u011fitim Platformu","article_modified_time":"2023-10-08T08:47:21+00:00","og_image":[{"width":845,"height":321,"url":"http:\/\/www.ezbersizegitimplatformu.com\/wp-content\/uploads\/2023\/08\/pisa.jpeg","type":"image\/jpeg"}],"twitter_card":"summary_large_image","twitter_misc":{"Tahmini okuma s\u00fcresi":"1 dakika"},"schema":{"@context":"https:\/\/schema.org","@graph":[{"@type":"WebPage","@id":"http:\/\/www.ezbersizegitimplatformu.com\/index.php\/cocuklarimiza-anadilimizi-ogretemiyoruz\/pisa-nedir\/","url":"http:\/\/www.ezbersizegitimplatformu.com\/index.php\/cocuklarimiza-anadilimizi-ogretemiyoruz\/pisa-nedir\/","name":"Pisa Nedir?\u00a0\u00a0 - Ezbersiz E\u011fitim Platformu","isPartOf":{"@id":"https:\/\/www.ezbersizegitimplatformu.com\/#website"},"datePublished":"2023-08-01T13:33:11+00:00","dateModified":"2023-10-08T08:47:21+00:00","breadcrumb":{"@id":"http:\/\/www.ezbersizegitimplatformu.com\/index.php\/cocuklarimiza-anadilimizi-ogretemiyoruz\/pisa-nedir\/#breadcrumb"},"inLanguage":"tr","potentialAction":[{"@type":"ReadAction","target":["http:\/\/www.ezbersizegitimplatformu.com\/index.php\/cocuklarimiza-anadilimizi-ogretemiyoruz\/pisa-nedir\/"]}]},{"@type":"BreadcrumbList","@id":"http:\/\/www.ezbersizegitimplatformu.com\/index.php\/cocuklarimiza-anadilimizi-ogretemiyoruz\/pisa-nedir\/#breadcrumb","itemListElement":[{"@type":"ListItem","position":1,"name":"Anasayfa","item":"https:\/\/www.ezbersizegitimplatformu.com\/"},{"@type":"ListItem","position":2,"name":"Ders: T\u00fcrk\u00e7e &#8211; Birinci B\u00f6l\u00fcm","item":"http:\/\/www.ezbersizegitimplatformu.com\/index.php\/cocuklarimiza-anadilimizi-ogretemiyoruz\/"},{"@type":"ListItem","position":3,"name":"Pisa Nedir?\u00a0\u00a0"}]},{"@type":"WebSite","@id":"https:\/\/www.ezbersizegitimplatformu.com\/#website","url":"https:\/\/www.ezbersizegitimplatformu.com\/","name":"Ezbersiz E\u011fitim Platformu","description":"&Ccedil;ocuklar\u0131m\u0131z\u0131 Ezberden Kurtarma ve E\u011fitimi D&ouml;n&uuml;\u015ft&uuml;rme Hareketi","potentialAction":[{"@type":"SearchAction","target":{"@type":"EntryPoint","urlTemplate":"https:\/\/www.ezbersizegitimplatformu.com\/?s={search_term_string}"},"query-input":"required name=search_term_string"}],"inLanguage":"tr"}]}},"_links":{"self":[{"href":"http:\/\/www.ezbersizegitimplatformu.com\/index.php\/wp-json\/wp\/v2\/pages\/28"}],"collection":[{"href":"http:\/\/www.ezbersizegitimplatformu.com\/index.php\/wp-json\/wp\/v2\/pages"}],"about":[{"href":"http:\/\/www.ezbersizegitimplatformu.com\/index.php\/wp-json\/wp\/v2\/types\/page"}],"author":[{"embeddable":true,"href":"http:\/\/www.ezbersizegitimplatformu.com\/index.php\/wp-json\/wp\/v2\/users\/1"}],"replies":[{"embeddable":true,"href":"http:\/\/www.ezbersizegitimplatformu.com\/index.php\/wp-json\/wp\/v2\/comments?post=28"}],"version-history":[{"count":3,"href":"http:\/\/www.ezbersizegitimplatformu.com\/index.php\/wp-json\/wp\/v2\/pages\/28\/revisions"}],"predecessor-version":[{"id":427,"href":"http:\/\/www.ezbersizegitimplatformu.com\/index.php\/wp-json\/wp\/v2\/pages\/28\/revisions\/427"}],"up":[{"embeddable":true,"href":"http:\/\/www.ezbersizegitimplatformu.com\/index.php\/wp-json\/wp\/v2\/pages\/23"}],"wp:featuredmedia":[{"embeddable":true,"href":"http:\/\/www.ezbersizegitimplatformu.com\/index.php\/wp-json\/wp\/v2\/media\/29"}],"wp:attachment":[{"href":"http:\/\/www.ezbersizegitimplatformu.com\/index.php\/wp-json\/wp\/v2\/media?parent=28"}],"curies":[{"name":"wp","href":"https:\/\/api.w.org\/{rel}","templated":true}]}}