{"id":46,"date":"2023-08-01T21:18:22","date_gmt":"2023-08-01T21:18:22","guid":{"rendered":"http:\/\/www.ezbersizegitimplatformu.com\/?page_id=46"},"modified":"2023-10-08T08:50:01","modified_gmt":"2023-10-08T08:50:01","slug":"tmf-oba-nedir","status":"publish","type":"page","link":"http:\/\/www.ezbersizegitimplatformu.com\/index.php\/tmf-oba-nedir\/","title":{"rendered":"TMF-\u00d6BA Nedir?"},"content":{"rendered":"<div class=\"pvc_clear\"><\/div><p id=\"pvc_stats_46\" class=\"pvc_stats all  \" data-element-id=\"46\" style=\"\"><i class=\"pvc-stats-icon medium\" aria-hidden=\"true\"><svg aria-hidden=\"true\" focusable=\"false\" data-prefix=\"far\" data-icon=\"chart-bar\" role=\"img\" xmlns=\"http:\/\/www.w3.org\/2000\/svg\" viewBox=\"0 0 512 512\" class=\"svg-inline--fa fa-chart-bar fa-w-16 fa-2x\"><path fill=\"currentColor\" d=\"M396.8 352h22.4c6.4 0 12.8-6.4 12.8-12.8V108.8c0-6.4-6.4-12.8-12.8-12.8h-22.4c-6.4 0-12.8 6.4-12.8 12.8v230.4c0 6.4 6.4 12.8 12.8 12.8zm-192 0h22.4c6.4 0 12.8-6.4 12.8-12.8V140.8c0-6.4-6.4-12.8-12.8-12.8h-22.4c-6.4 0-12.8 6.4-12.8 12.8v198.4c0 6.4 6.4 12.8 12.8 12.8zm96 0h22.4c6.4 0 12.8-6.4 12.8-12.8V204.8c0-6.4-6.4-12.8-12.8-12.8h-22.4c-6.4 0-12.8 6.4-12.8 12.8v134.4c0 6.4 6.4 12.8 12.8 12.8zM496 400H48V80c0-8.84-7.16-16-16-16H16C7.16 64 0 71.16 0 80v336c0 17.67 14.33 32 32 32h464c8.84 0 16-7.16 16-16v-16c0-8.84-7.16-16-16-16zm-387.2-48h22.4c6.4 0 12.8-6.4 12.8-12.8v-70.4c0-6.4-6.4-12.8-12.8-12.8h-22.4c-6.4 0-12.8 6.4-12.8 12.8v70.4c0 6.4 6.4 12.8 12.8 12.8z\" class=\"\"><\/path><\/svg><\/i> <img decoding=\"async\" loading=\"lazy\" width=\"16\" height=\"16\" alt=\"Loading\" src=\"http:\/\/www.ezbersizegitimplatformu.com\/wp-content\/plugins\/page-views-count\/ajax-loader-2x.gif\" border=0 \/><\/p><div class=\"pvc_clear\"><\/div>\n<p><strong>MEB taraf\u0131ndan uygulanan TMF-\u00d6BA\u2019n\u0131n amac\u0131, Eyl\u00fcl 2019 tarihli 4. S\u0131n\u0131f Raporunda \u015f\u00f6yle ifade edilmektedir:<\/strong><\/p>\n\n\n\n<p>T\u00fcrk\u00e7e, Matematik ve Fen Bilimleri \u00d6\u011frenci Ba\u015far\u0131s\u0131n\u0131 \u0130zleme Ara\u015ft\u0131rmas\u0131 (TMF-\u00d6BA) 4., 7. Ve 10. S\u0131n\u0131f d\u00fczeylerinde T\u00fcrk\u00e7e, matematik ve fen bilimleri derslerinde kazanm\u0131\u015f olduklar\u0131 bilgi ve becerilerini izlemek amac\u0131yla yap\u0131lmaktad\u0131r.<\/p>\n\n\n\n<p><strong>TMF-\u00d6BA HAKKINDA DAHA FAZLA AYRINTI<\/strong><\/p>\n\n\n\n<p>&nbsp;MEB taraf\u0131ndan uygulanan TMF-\u00d6BA\u2019n\u0131n amac\u0131, Eyl\u00fcl 2019 tarihli 4. S\u0131n\u0131f Raporunda \u015f\u00f6yle ifade edilmektedir:<\/p>\n\n\n\n<p><em>T\u00fcrk\u00e7e-Matematik-Fen Bilimleri \u00d6\u011frenci Ba\u015far\u0131 \u0130zleme Ara\u015ft\u0131rmas\u0131 (TMF-\u00d6BA), \u00f6\u011frencilerin 4., 7. ve 10. s\u0131n\u0131f d\u00fczeylerinde T\u00fcrk\u00e7e, matematik ve fen bilimleri derslerinde kazanm\u0131\u015f olduklar\u0131 bilgi ve becerilerini izlemek amac\u0131yla yap\u0131lmaktad\u0131r. \u00c7al\u0131\u015fmada \u00f6\u011frencilerin T\u00fcrk\u00e7e, matematik ve fen bilimleri alanlar\u0131nda akademik d\u00fczeylerinin belirlenmesi, \u00f6\u011frenme eksikliklerinin giderilmesi i\u00e7in \u00f6\u011frencilere ve \u00f6\u011fretmenlere geribildirim sunulmas\u0131 hedeflenmektedir. \u00c7al\u0131\u015fma sonu\u00e7lar\u0131 \u00f6\u011frencilerin bu alanlardaki akademik durumunu iyile\u015ftirmek i\u00e7in<\/em><em> <\/em><em>al\u0131nacak tedbirlerin belirlenmesi i\u00e7in \u00f6nem te\u015fkil etmektedir.<\/em><\/p>\n\n\n\n<p><em>Ara\u015ft\u0131rma \u00f6rneklemine kat\u0131lan \u00f6\u011frenciler, T\u00fcrkiye\u2019de 4. s\u0131n\u0131f d\u00fczeyindeki \u00f6\u011frenciler T\u00fcrk\u00e7e alt testinde yer alan <\/em><strong><em>15 soru bilme ve anlama bili\u015fsel d\u00fczeylerinde gruplanm\u0131\u015ft\u0131r<\/em><\/strong><em>. T\u00fcrk\u00e7e alt testinde \u00f6\u011frencilerin %25,77\u2019si 400-500 aral\u0131\u011f\u0131nda puan alm\u0131\u015f ve <\/em><strong><em>%3,55\u2019i t\u00fcm sorular\u0131 do\u011fru cevaplam\u0131\u015ft\u0131r<\/em><\/strong><em>. \u00d6\u011frencilerin T\u00fcrk\u00e7e alt testindeki bilme d\u00fczeyindeki sorular\u0131 ortalama do\u011fru cevaplama oran\u0131n\u0131n %62,82, <\/em><strong><em>anlama d\u00fczeyindeki sorular\u0131 ortalama do\u011fru cevaplama oran\u0131n\u0131n ise %59,97 oldu\u011fu belirlenmi\u015ftir.&nbsp;<\/em><\/strong><\/p>\n\n\n\n<p><strong><em>T\u00fcrk\u00e7e-Matematik- Fen Bilimleri \u00d6\u011frenci Ba\u015far\u0131 \u0130zleme Ara\u015ft\u0131rmas\u0131 (TMF-\u00d6BA)-1 2019 MEB E\u011fitim Analiz ve De\u011ferlendirme Raporlar\u0131 Serisi No: 9<\/em><\/strong><\/p>\n\n\n\n<p> <\/p>\n\n\n\n<!-- PAGE VISITS COUNTER - DARK -->\n<div id=\"strcpv-page-counter\">N\/A<\/div>\n<style>\n#strcpv-page-counter {\ntext-align: left;\n}\n#strcpv-page-counter p {\ndisplay: inline-block !important;\npadding-top: 0 !important;\npadding-bottom: 0 !important;\npadding-left: 5px !important;\npadding-right: 1px !important;\nletter-spacing: 5px !important;\nbackground-color: black !important;\ncolor: white !important;\nborder-radius: 4px !important;\nfont-weight: bold !important;\nfont-size: 12px !important;\n}\n<\/style>\n","protected":false},"excerpt":{"rendered":"<div class=\"pvc_clear\"><\/div>\n<p id=\"pvc_stats_46\" class=\"pvc_stats all  \" data-element-id=\"46\" style=\"\"><i class=\"pvc-stats-icon medium\" aria-hidden=\"true\"><svg aria-hidden=\"true\" focusable=\"false\" data-prefix=\"far\" data-icon=\"chart-bar\" role=\"img\" xmlns=\"http:\/\/www.w3.org\/2000\/svg\" viewBox=\"0 0 512 512\" class=\"svg-inline--fa fa-chart-bar fa-w-16 fa-2x\"><path fill=\"currentColor\" d=\"M396.8 352h22.4c6.4 0 12.8-6.4 12.8-12.8V108.8c0-6.4-6.4-12.8-12.8-12.8h-22.4c-6.4 0-12.8 6.4-12.8 12.8v230.4c0 6.4 6.4 12.8 12.8 12.8zm-192 0h22.4c6.4 0 12.8-6.4 12.8-12.8V140.8c0-6.4-6.4-12.8-12.8-12.8h-22.4c-6.4 0-12.8 6.4-12.8 12.8v198.4c0 6.4 6.4 12.8 12.8 12.8zm96 0h22.4c6.4 0 12.8-6.4 12.8-12.8V204.8c0-6.4-6.4-12.8-12.8-12.8h-22.4c-6.4 0-12.8 6.4-12.8 12.8v134.4c0 6.4 6.4 12.8 12.8 12.8zM496 400H48V80c0-8.84-7.16-16-16-16H16C7.16 64 0 71.16 0 80v336c0 17.67 14.33 32 32 32h464c8.84 0 16-7.16 16-16v-16c0-8.84-7.16-16-16-16zm-387.2-48h22.4c6.4 0 12.8-6.4 12.8-12.8v-70.4c0-6.4-6.4-12.8-12.8-12.8h-22.4c-6.4 0-12.8 6.4-12.8 12.8v70.4c0 6.4 6.4 12.8 12.8 12.8z\" class=\"\"><\/path><\/svg><\/i> <img decoding=\"async\" loading=\"lazy\" width=\"16\" height=\"16\" alt=\"Loading\" src=\"http:\/\/www.ezbersizegitimplatformu.com\/wp-content\/plugins\/page-views-count\/ajax-loader-2x.gif\" border=0 \/><\/p>\n<div class=\"pvc_clear\"><\/div>\n<p>MEB taraf\u0131ndan uygulanan TMF-\u00d6BA\u2019n\u0131n amac\u0131, Eyl\u00fcl 2019 tarihli 4. S\u0131n\u0131f Raporunda \u015f\u00f6yle ifade edilmektedir: T\u00fcrk\u00e7e, Matematik ve Fen Bilimleri \u00d6\u011frenci Ba\u015far\u0131s\u0131n\u0131 \u0130zleme Ara\u015ft\u0131rmas\u0131 (TMF-\u00d6BA) 4., &hellip; <\/p>\n","protected":false},"author":1,"featured_media":52,"parent":0,"menu_order":0,"comment_status":"closed","ping_status":"closed","template":"","meta":[],"yoast_head":"<!-- This site is optimized with the Yoast SEO plugin v21.3 - https:\/\/yoast.com\/wordpress\/plugins\/seo\/ -->\n<title>TMF-\u00d6BA Nedir? - Ezbersiz E\u011fitim Platformu<\/title>\n<meta name=\"robots\" content=\"index, follow, max-snippet:-1, max-image-preview:large, max-video-preview:-1\" \/>\n<link rel=\"canonical\" href=\"http:\/\/www.ezbersizegitimplatformu.com\/index.php\/tmf-oba-nedir\/\" \/>\n<meta property=\"og:locale\" content=\"tr_TR\" \/>\n<meta property=\"og:type\" content=\"article\" \/>\n<meta property=\"og:title\" content=\"TMF-\u00d6BA Nedir? - Ezbersiz E\u011fitim Platformu\" \/>\n<meta property=\"og:description\" content=\"MEB taraf\u0131ndan uygulanan TMF-\u00d6BA\u2019n\u0131n amac\u0131, Eyl\u00fcl 2019 tarihli 4. S\u0131n\u0131f Raporunda \u015f\u00f6yle ifade edilmektedir: T\u00fcrk\u00e7e, Matematik ve Fen Bilimleri \u00d6\u011frenci Ba\u015far\u0131s\u0131n\u0131 \u0130zleme Ara\u015ft\u0131rmas\u0131 (TMF-\u00d6BA) 4., &hellip;\" \/>\n<meta property=\"og:url\" content=\"http:\/\/www.ezbersizegitimplatformu.com\/index.php\/tmf-oba-nedir\/\" \/>\n<meta property=\"og:site_name\" content=\"Ezbersiz E\u011fitim Platformu\" \/>\n<meta property=\"article:modified_time\" content=\"2023-10-08T08:50:01+00:00\" \/>\n<meta property=\"og:image\" content=\"http:\/\/www.ezbersizegitimplatformu.com\/wp-content\/uploads\/2023\/08\/tmfoba.webp\" \/>\n\t<meta property=\"og:image:width\" content=\"1200\" \/>\n\t<meta property=\"og:image:height\" content=\"675\" \/>\n\t<meta property=\"og:image:type\" content=\"image\/webp\" \/>\n<meta name=\"twitter:card\" content=\"summary_large_image\" \/>\n<meta name=\"twitter:label1\" content=\"Tahmini okuma s\u00fcresi\" \/>\n\t<meta name=\"twitter:data1\" content=\"2 dakika\" \/>\n<script type=\"application\/ld+json\" class=\"yoast-schema-graph\">{\"@context\":\"https:\/\/schema.org\",\"@graph\":[{\"@type\":\"WebPage\",\"@id\":\"http:\/\/www.ezbersizegitimplatformu.com\/index.php\/tmf-oba-nedir\/\",\"url\":\"http:\/\/www.ezbersizegitimplatformu.com\/index.php\/tmf-oba-nedir\/\",\"name\":\"TMF-\u00d6BA Nedir? - Ezbersiz E\u011fitim Platformu\",\"isPartOf\":{\"@id\":\"https:\/\/www.ezbersizegitimplatformu.com\/#website\"},\"datePublished\":\"2023-08-01T21:18:22+00:00\",\"dateModified\":\"2023-10-08T08:50:01+00:00\",\"breadcrumb\":{\"@id\":\"http:\/\/www.ezbersizegitimplatformu.com\/index.php\/tmf-oba-nedir\/#breadcrumb\"},\"inLanguage\":\"tr\",\"potentialAction\":[{\"@type\":\"ReadAction\",\"target\":[\"http:\/\/www.ezbersizegitimplatformu.com\/index.php\/tmf-oba-nedir\/\"]}]},{\"@type\":\"BreadcrumbList\",\"@id\":\"http:\/\/www.ezbersizegitimplatformu.com\/index.php\/tmf-oba-nedir\/#breadcrumb\",\"itemListElement\":[{\"@type\":\"ListItem\",\"position\":1,\"name\":\"Anasayfa\",\"item\":\"https:\/\/www.ezbersizegitimplatformu.com\/\"},{\"@type\":\"ListItem\",\"position\":2,\"name\":\"TMF-\u00d6BA Nedir?\"}]},{\"@type\":\"WebSite\",\"@id\":\"https:\/\/www.ezbersizegitimplatformu.com\/#website\",\"url\":\"https:\/\/www.ezbersizegitimplatformu.com\/\",\"name\":\"Ezbersiz E\u011fitim Platformu\",\"description\":\"&Ccedil;ocuklar\u0131m\u0131z\u0131 Ezberden Kurtarma ve E\u011fitimi D&ouml;n&uuml;\u015ft&uuml;rme Hareketi\",\"potentialAction\":[{\"@type\":\"SearchAction\",\"target\":{\"@type\":\"EntryPoint\",\"urlTemplate\":\"https:\/\/www.ezbersizegitimplatformu.com\/?s={search_term_string}\"},\"query-input\":\"required name=search_term_string\"}],\"inLanguage\":\"tr\"}]}<\/script>\n<!-- \/ Yoast SEO plugin. -->","yoast_head_json":{"title":"TMF-\u00d6BA Nedir? - Ezbersiz E\u011fitim Platformu","robots":{"index":"index","follow":"follow","max-snippet":"max-snippet:-1","max-image-preview":"max-image-preview:large","max-video-preview":"max-video-preview:-1"},"canonical":"http:\/\/www.ezbersizegitimplatformu.com\/index.php\/tmf-oba-nedir\/","og_locale":"tr_TR","og_type":"article","og_title":"TMF-\u00d6BA Nedir? - Ezbersiz E\u011fitim Platformu","og_description":"MEB taraf\u0131ndan uygulanan TMF-\u00d6BA\u2019n\u0131n amac\u0131, Eyl\u00fcl 2019 tarihli 4. S\u0131n\u0131f Raporunda \u015f\u00f6yle ifade edilmektedir: T\u00fcrk\u00e7e, Matematik ve Fen Bilimleri \u00d6\u011frenci Ba\u015far\u0131s\u0131n\u0131 \u0130zleme Ara\u015ft\u0131rmas\u0131 (TMF-\u00d6BA) 4., &hellip;","og_url":"http:\/\/www.ezbersizegitimplatformu.com\/index.php\/tmf-oba-nedir\/","og_site_name":"Ezbersiz E\u011fitim Platformu","article_modified_time":"2023-10-08T08:50:01+00:00","og_image":[{"width":1200,"height":675,"url":"http:\/\/www.ezbersizegitimplatformu.com\/wp-content\/uploads\/2023\/08\/tmfoba.webp","type":"image\/webp"}],"twitter_card":"summary_large_image","twitter_misc":{"Tahmini okuma s\u00fcresi":"2 dakika"},"schema":{"@context":"https:\/\/schema.org","@graph":[{"@type":"WebPage","@id":"http:\/\/www.ezbersizegitimplatformu.com\/index.php\/tmf-oba-nedir\/","url":"http:\/\/www.ezbersizegitimplatformu.com\/index.php\/tmf-oba-nedir\/","name":"TMF-\u00d6BA Nedir? - Ezbersiz E\u011fitim Platformu","isPartOf":{"@id":"https:\/\/www.ezbersizegitimplatformu.com\/#website"},"datePublished":"2023-08-01T21:18:22+00:00","dateModified":"2023-10-08T08:50:01+00:00","breadcrumb":{"@id":"http:\/\/www.ezbersizegitimplatformu.com\/index.php\/tmf-oba-nedir\/#breadcrumb"},"inLanguage":"tr","potentialAction":[{"@type":"ReadAction","target":["http:\/\/www.ezbersizegitimplatformu.com\/index.php\/tmf-oba-nedir\/"]}]},{"@type":"BreadcrumbList","@id":"http:\/\/www.ezbersizegitimplatformu.com\/index.php\/tmf-oba-nedir\/#breadcrumb","itemListElement":[{"@type":"ListItem","position":1,"name":"Anasayfa","item":"https:\/\/www.ezbersizegitimplatformu.com\/"},{"@type":"ListItem","position":2,"name":"TMF-\u00d6BA Nedir?"}]},{"@type":"WebSite","@id":"https:\/\/www.ezbersizegitimplatformu.com\/#website","url":"https:\/\/www.ezbersizegitimplatformu.com\/","name":"Ezbersiz E\u011fitim Platformu","description":"&Ccedil;ocuklar\u0131m\u0131z\u0131 Ezberden Kurtarma ve E\u011fitimi D&ouml;n&uuml;\u015ft&uuml;rme Hareketi","potentialAction":[{"@type":"SearchAction","target":{"@type":"EntryPoint","urlTemplate":"https:\/\/www.ezbersizegitimplatformu.com\/?s={search_term_string}"},"query-input":"required name=search_term_string"}],"inLanguage":"tr"}]}},"_links":{"self":[{"href":"http:\/\/www.ezbersizegitimplatformu.com\/index.php\/wp-json\/wp\/v2\/pages\/46"}],"collection":[{"href":"http:\/\/www.ezbersizegitimplatformu.com\/index.php\/wp-json\/wp\/v2\/pages"}],"about":[{"href":"http:\/\/www.ezbersizegitimplatformu.com\/index.php\/wp-json\/wp\/v2\/types\/page"}],"author":[{"embeddable":true,"href":"http:\/\/www.ezbersizegitimplatformu.com\/index.php\/wp-json\/wp\/v2\/users\/1"}],"replies":[{"embeddable":true,"href":"http:\/\/www.ezbersizegitimplatformu.com\/index.php\/wp-json\/wp\/v2\/comments?post=46"}],"version-history":[{"count":4,"href":"http:\/\/www.ezbersizegitimplatformu.com\/index.php\/wp-json\/wp\/v2\/pages\/46\/revisions"}],"predecessor-version":[{"id":438,"href":"http:\/\/www.ezbersizegitimplatformu.com\/index.php\/wp-json\/wp\/v2\/pages\/46\/revisions\/438"}],"wp:featuredmedia":[{"embeddable":true,"href":"http:\/\/www.ezbersizegitimplatformu.com\/index.php\/wp-json\/wp\/v2\/media\/52"}],"wp:attachment":[{"href":"http:\/\/www.ezbersizegitimplatformu.com\/index.php\/wp-json\/wp\/v2\/media?parent=46"}],"curies":[{"name":"wp","href":"https:\/\/api.w.org\/{rel}","templated":true}]}}