{"id":474,"date":"2023-10-08T09:33:04","date_gmt":"2023-10-08T09:33:04","guid":{"rendered":"http:\/\/www.ezbersizegitimplatformu.com\/?page_id=474"},"modified":"2023-10-08T14:38:23","modified_gmt":"2023-10-08T14:38:23","slug":"etkinlik-1-3-yazili-anlatim-metin-tamamlama","status":"publish","type":"page","link":"http:\/\/www.ezbersizegitimplatformu.com\/index.php\/etkinlik-1-3-yazili-anlatim-metin-tamamlama\/","title":{"rendered":"ETK\u0130NL\u0130K 1.3: YAZILI ANLATIM\/MET\u0130N TAMAMLAMA"},"content":{"rendered":"<div class=\"pvc_clear\"><\/div><p id=\"pvc_stats_474\" class=\"pvc_stats all  \" data-element-id=\"474\" style=\"\"><i class=\"pvc-stats-icon medium\" aria-hidden=\"true\"><svg aria-hidden=\"true\" focusable=\"false\" data-prefix=\"far\" data-icon=\"chart-bar\" role=\"img\" xmlns=\"http:\/\/www.w3.org\/2000\/svg\" viewBox=\"0 0 512 512\" class=\"svg-inline--fa fa-chart-bar fa-w-16 fa-2x\"><path fill=\"currentColor\" d=\"M396.8 352h22.4c6.4 0 12.8-6.4 12.8-12.8V108.8c0-6.4-6.4-12.8-12.8-12.8h-22.4c-6.4 0-12.8 6.4-12.8 12.8v230.4c0 6.4 6.4 12.8 12.8 12.8zm-192 0h22.4c6.4 0 12.8-6.4 12.8-12.8V140.8c0-6.4-6.4-12.8-12.8-12.8h-22.4c-6.4 0-12.8 6.4-12.8 12.8v198.4c0 6.4 6.4 12.8 12.8 12.8zm96 0h22.4c6.4 0 12.8-6.4 12.8-12.8V204.8c0-6.4-6.4-12.8-12.8-12.8h-22.4c-6.4 0-12.8 6.4-12.8 12.8v134.4c0 6.4 6.4 12.8 12.8 12.8zM496 400H48V80c0-8.84-7.16-16-16-16H16C7.16 64 0 71.16 0 80v336c0 17.67 14.33 32 32 32h464c8.84 0 16-7.16 16-16v-16c0-8.84-7.16-16-16-16zm-387.2-48h22.4c6.4 0 12.8-6.4 12.8-12.8v-70.4c0-6.4-6.4-12.8-12.8-12.8h-22.4c-6.4 0-12.8 6.4-12.8 12.8v70.4c0 6.4 6.4 12.8 12.8 12.8z\" class=\"\"><\/path><\/svg><\/i> <img decoding=\"async\" loading=\"lazy\" width=\"16\" height=\"16\" alt=\"Loading\" src=\"http:\/\/www.ezbersizegitimplatformu.com\/wp-content\/plugins\/page-views-count\/ajax-loader-2x.gif\" border=0 \/><\/p><div class=\"pvc_clear\"><\/div>\n<p><a href=\"http:\/\/www.ezbersizegitimplatformu.com\/index.php\/uygulama-onerileri\/\"><strong>Etkinlik Uygulama \u00d6nerileri \u0130\u00e7in T\u0131klay\u0131n\u0131z<\/strong><\/a><\/p>\n\n\n\n<p><em>1. A\u015fa\u011f\u0131da bir b\u00f6l\u00fcm\u00fc verilmi\u015f \u00f6yk\u00fcn\u00fcn, \u00f6nceki ve sonraki b\u00f6l\u00fcmlerini<\/em><\/p>\n\n\n\n<p><em>&nbsp;&nbsp;&nbsp;Kurgulay\u0131p, yaz\u0131n\u0131z.&nbsp;&nbsp;&nbsp;&nbsp;&nbsp;&nbsp;&nbsp;&nbsp;&nbsp;&nbsp;&nbsp;&nbsp;&nbsp;&nbsp;&nbsp;&nbsp;&nbsp;&nbsp;&nbsp;&nbsp;&nbsp;&nbsp;&nbsp;&nbsp;&nbsp;&nbsp;&nbsp;&nbsp;&nbsp;&nbsp;&nbsp;&nbsp;&nbsp;&nbsp;&nbsp;&nbsp;&nbsp;&nbsp;&nbsp;&nbsp;&nbsp;&nbsp;&nbsp;&nbsp;&nbsp;&nbsp;&nbsp;&nbsp;&nbsp;&nbsp;&nbsp;&nbsp;&nbsp;&nbsp;&nbsp;&nbsp;&nbsp;&nbsp;&nbsp;&nbsp;<\/em><\/p>\n\n\n\n<p><em>2. Tamamlad\u0131\u011f\u0131n\u0131z \u00f6yk\u00fcye uygun bir ba\u015fl\u0131k koyunuz.<\/em><\/p>\n\n\n\n<p><em>3. \u00d6yk\u00fcy\u00fc resimleyiniz.<\/em><\/p>\n\n\n\n<figure class=\"wp-block-table\"><table><tbody><tr><td><br><br><br><br><\/td><\/tr><\/tbody><\/table><\/figure>\n\n\n\n<p>&#8212;&#8212;&#8212;&#8212;&#8212;&#8212;&#8212;&#8212;&#8212;&#8212;&#8212;&#8212;&#8212;&#8212;&#8212;&#8212;&#8212;&#8212;&#8212;&#8212;&#8212;&#8212;&#8212;<\/p>\n\n\n\n<p>&#8212;&#8212;&#8212;&#8212;&#8212;&#8212;&#8212;&#8212;&#8212;&#8212;&#8212;&#8212;&#8212;&#8212;&#8212;&#8212;&#8212;&#8212;&#8212;&#8212;&#8212;&#8212;&#8212;&#8212;&#8212;&#8212;&#8212;&#8212;&#8212;&#8212;&#8212;&#8212;&#8212;&#8212;&#8212;&#8212;&#8212;&#8212;&#8212;&#8212;&#8212;&#8212;&#8212;&#8212;&#8212;&#8212;&#8212;&#8212;&#8212;&#8212;&#8212;&#8212;&#8212;&#8212;&#8212;&#8212;&#8212;&#8212;&#8212;&#8212;&#8212;&#8212;&#8212;&#8212;&#8212;&#8212;&#8212;&#8212;&#8212;&#8212;&#8212;&#8212;&#8212;&#8212;&#8212;&#8212;&#8212;&#8212;&#8212;&#8212;&#8212;&#8212;&#8212;&#8212;&#8212;&#8212;&#8212;&#8212;&#8212;&#8212;&#8212;&#8212;&#8212;&#8212;&#8212;&#8212;&#8212;&#8212;&#8212;&#8212;&#8212;&#8212;&#8212;&#8212;&#8212;&#8212;&#8212;&#8212;&#8212;&#8212;&#8212;&#8212;&#8212;&#8212;&#8212;&#8212;&#8212;&#8212;&#8212;&#8212;&#8212;&#8212;&#8212;&#8212;&#8212;&#8212;&#8212;&#8212;&#8212;&#8212;&#8212;&#8212;&#8212;&#8212;&#8212;&#8212;&#8212;&#8212;&#8212;&#8212;&#8212;&#8212;&#8212;&#8212;&#8212;&#8212;&#8212;&#8212;&#8212;&#8212;&#8212;&#8212;&#8212;&#8212;&#8212;&#8212;&#8212;&#8212;&#8212;&#8212;&#8212;&#8212;&#8212;&#8212;&#8212;&#8212;&#8212;&#8212;&#8212;&#8212;&#8212;&#8212;&#8212;&#8212;&#8212;&#8212;&#8212;&#8212;&#8212;&#8212;&#8212;&#8212;&#8212;&#8212;&#8212;&#8212;&#8212;&#8212;&#8212;&#8212;&#8212;&#8212;&#8212;&#8212;&#8212;&#8212;&#8212;&#8212;&#8212;&#8212;&#8212;&#8212;&#8212;&#8212;&#8212;&#8212;&#8212;&#8212;&#8212;&#8212;&#8212;&#8212;&#8212;&#8212;&#8212;&#8212;&#8212;&#8212;&#8212;&#8212;&#8212;&#8212;&#8212;&#8212;&#8212;&#8212;&#8212;&#8212;&#8212;&#8212;&#8212;&#8212;&#8212;&#8212;&#8212;&#8212;&#8212;&#8212;&#8212;&#8212;&#8212;&#8212;&#8212;&#8212;&#8212;&#8212;&#8212;&#8212;&#8212;&#8212;&#8212;&#8212;&#8212;&#8212;&#8212;&#8212;&#8212;&#8212;&#8212;&#8212;&#8212;&#8212;&#8212;&#8212;&#8212;&#8212;&#8212;&#8212;&#8212;&#8212;&#8212;&#8212;&#8212;&#8212;&#8212;&#8212;&#8212;&#8212;&#8212;&#8212;&#8212;&#8212;&#8212;&#8212;&#8212;&#8212;&#8212;&#8212;&#8212;&#8212;&#8212;&#8212;&#8212;&#8212;&#8212;&#8212;&#8212;&#8212;&#8212;&#8212;&#8212;&#8212;&#8212;&#8212;&#8212;&#8212;&#8212;&#8212;&#8212;&#8212;&#8212;&#8212;&#8212;&#8212;&#8212;&#8212;&#8212;&#8212;&#8212;&#8212;&#8212;&#8212;&#8212;&#8212;&#8212;&#8212;&#8212;&#8212;&#8212;&#8212;&#8212;&#8212;&#8212;&#8212;&#8212;&#8212;&#8212;&#8212;&#8212;&#8212;&#8212;&#8212;&#8212;&#8212;&#8212;&#8212;&#8212;&#8212;&#8212;&#8212;&#8212;&#8212;&#8212;&#8212;&#8212;&#8212;&#8212;&#8212;&#8212;&#8212;&#8212;&#8212;&#8212;&#8212;&#8212;&#8212;&#8212;&#8212;&#8212;&#8212;&#8212;&#8212;&#8212;&#8212;&#8212;&#8212;&#8212;&#8212;&#8212;&#8212;&#8212;&#8212;&#8212;&#8212;&#8212;&#8212;&#8212;&#8212;&#8212;&#8212;&#8212;&#8212;&#8212;&#8212;&#8212;&#8212;&#8212;&#8212;&#8212;&#8212;&#8212;&#8212;&#8212;&#8212;&#8212;&#8212;&#8212;&#8212;&#8212;&#8212;&#8212;&#8212;&#8212;&#8212;&#8212;&#8212;&#8212;&#8212;&#8212;&#8212;&#8212;&#8212;&#8212;&#8212;&#8212;&#8212;&#8212;&#8212;&#8212;&#8212;&#8212;&#8212;&#8212;&#8212;&#8212;&#8212;&#8212;&#8212;&#8212;&#8212;&#8212;&#8212;&#8212;&#8212;&#8212;&#8212;&#8212;&#8212;&#8212;&#8212;&#8212;&#8212;&#8212;&#8212;&#8212;&#8212;&#8212;&#8212;&#8212;&#8212;&#8212;&#8212;&#8212;&#8212;&#8212;&#8212;&#8212;&#8212;&#8212;&#8212;&#8212;&#8212;&#8212;&#8212;&#8212;&#8212;&#8212;&#8212;&#8212;&#8212;&#8212;&#8212;&#8212;&#8212;&#8212;&#8212;&#8212;&#8212;&#8212;&#8212;&#8212;&#8212;&#8212;&#8212;&#8212;&#8212;&#8212;&#8212;&#8212;&#8212;&#8212;&#8212;&#8212;&#8212;&#8212;&#8212;&#8212;&#8212;&#8212;&#8212;&#8212;&#8212;&#8212;&#8212;&#8212;&#8212;&#8212;&#8212;&#8212;&#8212;&#8212;&#8212;&#8212;&#8212;&#8212;&#8212;&#8212;&#8212;&#8212;&#8212;&#8212;&#8212;&#8212;&#8212;&#8212;&#8212;&#8212;&#8212;&#8212;&#8212;&#8212;&#8212;&#8212;&#8212;&#8212;&#8212;&#8212;&#8212;&#8212;&#8212;&#8212;&#8212;&#8212;&#8212;&#8212;&#8212;&#8212;&#8212;&#8212;&#8212;&#8212;&#8212;&#8212;&#8212;&#8212;&#8212;&#8212;&#8212;&#8212;&#8212;&#8212;&#8212;&#8212;&#8212;&#8212;&#8212;&#8212;&#8212;&#8212;&#8212;&#8212;&#8212;&#8212;&#8212;&#8212;&#8212;&#8212;&#8212;&#8212;&#8212;&#8212;&#8212;&#8212;&#8212;&#8212;&#8212;&#8212;&#8212;&#8212;&#8212;&#8212;&#8212;&#8212;&#8212;&#8212;&#8212;&#8212;&#8212;&#8212;&#8212;&#8212;&#8212;&#8212;&#8212;&#8212;&#8212;&#8212;&#8212;&#8212;&#8212;&#8212;&#8212;&#8212;&#8212;&#8212;&#8212;&#8212;&#8212;&#8212;&#8212;&#8212;&#8212;&#8212;&#8212;&#8212;&#8212;&#8212;&#8212;&#8212;&#8212;&#8212;&#8212;&#8212;&#8212;&#8212;&#8212;&#8212;&#8212;&#8212;&#8212;&#8212;&#8212;&#8212;&#8212;&#8212;&#8212;&#8212;&#8212;&#8212;&#8212;&#8212;&#8212;&#8212;&#8212;&#8212;&#8212;&#8212;&#8212;&#8212;&#8212;&#8212;&#8212;&#8212;&#8212;&#8212;&#8212;&#8212;&#8212;&#8212;&#8212;&#8212;&#8212;&#8212;&#8212;&#8212;&#8212;&#8212;&#8212;&#8212;&#8212;-<\/p>\n\n\n\n<p>&nbsp;Eski bir denizciydim. \u00c7ok b\u00fcy\u00fck tehlikelerle kar\u015f\u0131la\u015fm\u0131\u015f, hepsini de atlatm\u0131\u015ft\u0131m. Deniz bana hep e\u011flenceli gelirdi. Saatlerce suyun \u00fcst\u00fcnde kalabilecek kadar iyi bir y\u00fcz\u00fcc\u00fcyd\u00fcm. Fakat bu kez i\u015fimin \u00e7ok zor oldu\u011funu g\u00f6r\u00fcyordum.&nbsp;<\/p>\n\n\n\n<p>Bir an e\u015fimi ve \u00e7ocuklar\u0131m\u0131 d\u00fc\u015f\u00fcnd\u00fcm. Bu seyahate \u00e7\u0131kmadan \u00f6nce onlar\u0131 \u00f6pm\u00fc\u015f, yak\u0131nda d\u00f6nece\u011fimi s\u00f6ylemi\u015ftim. Gecenin bu saatinde hepsi derin bir uykuda olmal\u0131yd\u0131lar. \u00c7ocuklar\u0131m sabah kalk\u0131p kahvalt\u0131lar\u0131n\u0131 ettikten sonra yaz okuluna gideceklerdi. Kar\u0131m bir yandan ev i\u015flerini yaparken, bir yandan da g\u00f6z ucuyla televizyonu izleyecekti. Ekrandan bir alt yaz\u0131 ge\u00e7ecekti.&nbsp;&nbsp;<\/p>\n\n\n\n<p>Feci bir deniz kazas\u0131! Akile adl\u0131 gemi yolcular\u0131yla birlikte karanl\u0131k sulara g\u00f6m\u00fcld\u00fc! Kurtulan olup olmad\u0131\u011f\u0131 bilinmiyor.<\/p>\n\n\n\n<p>B\u00fct\u00fcn bunlar bir y\u0131ld\u0131r\u0131m h\u0131z\u0131yla beynimden ge\u00e7erken, kendimi azg\u0131n sularda bulmu\u015ftum. \u00c7evremde pek \u00e7ok insan vard\u0131. Herkes canh\u0131ra\u015f ya\u015fama sava\u015f\u0131 veriyordu.<\/p>\n\n\n\n<p><a href=\"http:\/\/www.ezbersizegitimplatformu.com\/index.php\/uygulama-onerileri\/\"><strong>Etkinlik Uygulama \u00d6nerileri \u0130\u00e7in T\u0131klay\u0131n\u0131z<\/strong><\/a><\/p>\n\n\n\n<!-- PAGE VISITS COUNTER - DARK -->\n<div id=\"strcpv-page-counter\">N\/A<\/div>\n<style>\n#strcpv-page-counter {\ntext-align: left;\n}\n#strcpv-page-counter p {\ndisplay: inline-block !important;\npadding-top: 0 !important;\npadding-bottom: 0 !important;\npadding-left: 5px !important;\npadding-right: 1px !important;\nletter-spacing: 5px !important;\nbackground-color: black !important;\ncolor: white !important;\nborder-radius: 4px !important;\nfont-weight: bold !important;\nfont-size: 12px !important;\n}\n<\/style>\n\n","protected":false},"excerpt":{"rendered":"<div class=\"pvc_clear\"><\/div>\n<p id=\"pvc_stats_474\" class=\"pvc_stats all  \" data-element-id=\"474\" style=\"\"><i class=\"pvc-stats-icon medium\" aria-hidden=\"true\"><svg aria-hidden=\"true\" focusable=\"false\" data-prefix=\"far\" data-icon=\"chart-bar\" role=\"img\" xmlns=\"http:\/\/www.w3.org\/2000\/svg\" viewBox=\"0 0 512 512\" class=\"svg-inline--fa fa-chart-bar fa-w-16 fa-2x\"><path fill=\"currentColor\" d=\"M396.8 352h22.4c6.4 0 12.8-6.4 12.8-12.8V108.8c0-6.4-6.4-12.8-12.8-12.8h-22.4c-6.4 0-12.8 6.4-12.8 12.8v230.4c0 6.4 6.4 12.8 12.8 12.8zm-192 0h22.4c6.4 0 12.8-6.4 12.8-12.8V140.8c0-6.4-6.4-12.8-12.8-12.8h-22.4c-6.4 0-12.8 6.4-12.8 12.8v198.4c0 6.4 6.4 12.8 12.8 12.8zm96 0h22.4c6.4 0 12.8-6.4 12.8-12.8V204.8c0-6.4-6.4-12.8-12.8-12.8h-22.4c-6.4 0-12.8 6.4-12.8 12.8v134.4c0 6.4 6.4 12.8 12.8 12.8zM496 400H48V80c0-8.84-7.16-16-16-16H16C7.16 64 0 71.16 0 80v336c0 17.67 14.33 32 32 32h464c8.84 0 16-7.16 16-16v-16c0-8.84-7.16-16-16-16zm-387.2-48h22.4c6.4 0 12.8-6.4 12.8-12.8v-70.4c0-6.4-6.4-12.8-12.8-12.8h-22.4c-6.4 0-12.8 6.4-12.8 12.8v70.4c0 6.4 6.4 12.8 12.8 12.8z\" class=\"\"><\/path><\/svg><\/i> <img decoding=\"async\" loading=\"lazy\" width=\"16\" height=\"16\" alt=\"Loading\" src=\"http:\/\/www.ezbersizegitimplatformu.com\/wp-content\/plugins\/page-views-count\/ajax-loader-2x.gif\" border=0 \/><\/p>\n<div class=\"pvc_clear\"><\/div>\n<p>Etkinlik Uygulama \u00d6nerileri \u0130\u00e7in T\u0131klay\u0131n\u0131z 1. A\u015fa\u011f\u0131da bir b\u00f6l\u00fcm\u00fc verilmi\u015f \u00f6yk\u00fcn\u00fcn, \u00f6nceki ve sonraki b\u00f6l\u00fcmlerini &nbsp;&nbsp;&nbsp;Kurgulay\u0131p, yaz\u0131n\u0131z.&nbsp;&nbsp;&nbsp;&nbsp;&nbsp;&nbsp;&nbsp;&nbsp;&nbsp;&nbsp;&nbsp;&nbsp;&nbsp;&nbsp;&nbsp;&nbsp;&nbsp;&nbsp;&nbsp;&nbsp;&nbsp;&nbsp;&nbsp;&nbsp;&nbsp;&nbsp;&nbsp;&nbsp;&nbsp;&nbsp;&nbsp;&nbsp;&nbsp;&nbsp;&nbsp;&nbsp;&nbsp;&nbsp;&nbsp;&nbsp;&nbsp;&nbsp;&nbsp;&nbsp;&nbsp;&nbsp;&nbsp;&nbsp;&nbsp;&nbsp;&nbsp;&nbsp;&nbsp;&nbsp;&nbsp;&nbsp;&nbsp;&nbsp;&nbsp;&nbsp; 2. Tamamlad\u0131\u011f\u0131n\u0131z \u00f6yk\u00fcye uygun bir ba\u015fl\u0131k koyunuz. 3. &hellip; <\/p>\n","protected":false},"author":1,"featured_media":0,"parent":0,"menu_order":0,"comment_status":"closed","ping_status":"closed","template":"","meta":[],"yoast_head":"<!-- This site is optimized with the Yoast SEO plugin v21.3 - https:\/\/yoast.com\/wordpress\/plugins\/seo\/ -->\n<title>ETK\u0130NL\u0130K 1.3: YAZILI ANLATIM\/MET\u0130N TAMAMLAMA - Ezbersiz E\u011fitim Platformu<\/title>\n<meta name=\"robots\" content=\"index, follow, max-snippet:-1, max-image-preview:large, max-video-preview:-1\" \/>\n<link rel=\"canonical\" href=\"http:\/\/www.ezbersizegitimplatformu.com\/index.php\/etkinlik-1-3-yazili-anlatim-metin-tamamlama\/\" \/>\n<meta property=\"og:locale\" content=\"tr_TR\" \/>\n<meta property=\"og:type\" content=\"article\" \/>\n<meta property=\"og:title\" content=\"ETK\u0130NL\u0130K 1.3: YAZILI ANLATIM\/MET\u0130N TAMAMLAMA - Ezbersiz E\u011fitim Platformu\" \/>\n<meta property=\"og:description\" content=\"Etkinlik Uygulama \u00d6nerileri \u0130\u00e7in T\u0131klay\u0131n\u0131z 1. A\u015fa\u011f\u0131da bir b\u00f6l\u00fcm\u00fc verilmi\u015f \u00f6yk\u00fcn\u00fcn, \u00f6nceki ve sonraki b\u00f6l\u00fcmlerini &nbsp;&nbsp;&nbsp;Kurgulay\u0131p, yaz\u0131n\u0131z.&nbsp;&nbsp;&nbsp;&nbsp;&nbsp;&nbsp;&nbsp;&nbsp;&nbsp;&nbsp;&nbsp;&nbsp;&nbsp;&nbsp;&nbsp;&nbsp;&nbsp;&nbsp;&nbsp;&nbsp;&nbsp;&nbsp;&nbsp;&nbsp;&nbsp;&nbsp;&nbsp;&nbsp;&nbsp;&nbsp;&nbsp;&nbsp;&nbsp;&nbsp;&nbsp;&nbsp;&nbsp;&nbsp;&nbsp;&nbsp;&nbsp;&nbsp;&nbsp;&nbsp;&nbsp;&nbsp;&nbsp;&nbsp;&nbsp;&nbsp;&nbsp;&nbsp;&nbsp;&nbsp;&nbsp;&nbsp;&nbsp;&nbsp;&nbsp;&nbsp; 2. Tamamlad\u0131\u011f\u0131n\u0131z \u00f6yk\u00fcye uygun bir ba\u015fl\u0131k koyunuz. 3. &hellip;\" \/>\n<meta property=\"og:url\" content=\"http:\/\/www.ezbersizegitimplatformu.com\/index.php\/etkinlik-1-3-yazili-anlatim-metin-tamamlama\/\" \/>\n<meta property=\"og:site_name\" content=\"Ezbersiz E\u011fitim Platformu\" \/>\n<meta property=\"article:modified_time\" content=\"2023-10-08T14:38:23+00:00\" \/>\n<meta name=\"twitter:card\" content=\"summary_large_image\" \/>\n<meta name=\"twitter:label1\" content=\"Tahmini okuma s\u00fcresi\" \/>\n\t<meta name=\"twitter:data1\" content=\"1 dakika\" \/>\n<script type=\"application\/ld+json\" class=\"yoast-schema-graph\">{\"@context\":\"https:\/\/schema.org\",\"@graph\":[{\"@type\":\"WebPage\",\"@id\":\"http:\/\/www.ezbersizegitimplatformu.com\/index.php\/etkinlik-1-3-yazili-anlatim-metin-tamamlama\/\",\"url\":\"http:\/\/www.ezbersizegitimplatformu.com\/index.php\/etkinlik-1-3-yazili-anlatim-metin-tamamlama\/\",\"name\":\"ETK\u0130NL\u0130K 1.3: YAZILI ANLATIM\/MET\u0130N TAMAMLAMA - Ezbersiz E\u011fitim Platformu\",\"isPartOf\":{\"@id\":\"https:\/\/www.ezbersizegitimplatformu.com\/#website\"},\"datePublished\":\"2023-10-08T09:33:04+00:00\",\"dateModified\":\"2023-10-08T14:38:23+00:00\",\"breadcrumb\":{\"@id\":\"http:\/\/www.ezbersizegitimplatformu.com\/index.php\/etkinlik-1-3-yazili-anlatim-metin-tamamlama\/#breadcrumb\"},\"inLanguage\":\"tr\",\"potentialAction\":[{\"@type\":\"ReadAction\",\"target\":[\"http:\/\/www.ezbersizegitimplatformu.com\/index.php\/etkinlik-1-3-yazili-anlatim-metin-tamamlama\/\"]}]},{\"@type\":\"BreadcrumbList\",\"@id\":\"http:\/\/www.ezbersizegitimplatformu.com\/index.php\/etkinlik-1-3-yazili-anlatim-metin-tamamlama\/#breadcrumb\",\"itemListElement\":[{\"@type\":\"ListItem\",\"position\":1,\"name\":\"Anasayfa\",\"item\":\"https:\/\/www.ezbersizegitimplatformu.com\/\"},{\"@type\":\"ListItem\",\"position\":2,\"name\":\"ETK\u0130NL\u0130K 1.3: YAZILI ANLATIM\/MET\u0130N TAMAMLAMA\"}]},{\"@type\":\"WebSite\",\"@id\":\"https:\/\/www.ezbersizegitimplatformu.com\/#website\",\"url\":\"https:\/\/www.ezbersizegitimplatformu.com\/\",\"name\":\"Ezbersiz E\u011fitim Platformu\",\"description\":\"&Ccedil;ocuklar\u0131m\u0131z\u0131 Ezberden Kurtarma ve E\u011fitimi D&ouml;n&uuml;\u015ft&uuml;rme Hareketi\",\"potentialAction\":[{\"@type\":\"SearchAction\",\"target\":{\"@type\":\"EntryPoint\",\"urlTemplate\":\"https:\/\/www.ezbersizegitimplatformu.com\/?s={search_term_string}\"},\"query-input\":\"required name=search_term_string\"}],\"inLanguage\":\"tr\"}]}<\/script>\n<!-- \/ Yoast SEO plugin. -->","yoast_head_json":{"title":"ETK\u0130NL\u0130K 1.3: YAZILI ANLATIM\/MET\u0130N TAMAMLAMA - Ezbersiz E\u011fitim Platformu","robots":{"index":"index","follow":"follow","max-snippet":"max-snippet:-1","max-image-preview":"max-image-preview:large","max-video-preview":"max-video-preview:-1"},"canonical":"http:\/\/www.ezbersizegitimplatformu.com\/index.php\/etkinlik-1-3-yazili-anlatim-metin-tamamlama\/","og_locale":"tr_TR","og_type":"article","og_title":"ETK\u0130NL\u0130K 1.3: YAZILI ANLATIM\/MET\u0130N TAMAMLAMA - Ezbersiz E\u011fitim Platformu","og_description":"Etkinlik Uygulama \u00d6nerileri \u0130\u00e7in T\u0131klay\u0131n\u0131z 1. A\u015fa\u011f\u0131da bir b\u00f6l\u00fcm\u00fc verilmi\u015f \u00f6yk\u00fcn\u00fcn, \u00f6nceki ve sonraki b\u00f6l\u00fcmlerini &nbsp;&nbsp;&nbsp;Kurgulay\u0131p, yaz\u0131n\u0131z.&nbsp;&nbsp;&nbsp;&nbsp;&nbsp;&nbsp;&nbsp;&nbsp;&nbsp;&nbsp;&nbsp;&nbsp;&nbsp;&nbsp;&nbsp;&nbsp;&nbsp;&nbsp;&nbsp;&nbsp;&nbsp;&nbsp;&nbsp;&nbsp;&nbsp;&nbsp;&nbsp;&nbsp;&nbsp;&nbsp;&nbsp;&nbsp;&nbsp;&nbsp;&nbsp;&nbsp;&nbsp;&nbsp;&nbsp;&nbsp;&nbsp;&nbsp;&nbsp;&nbsp;&nbsp;&nbsp;&nbsp;&nbsp;&nbsp;&nbsp;&nbsp;&nbsp;&nbsp;&nbsp;&nbsp;&nbsp;&nbsp;&nbsp;&nbsp;&nbsp; 2. Tamamlad\u0131\u011f\u0131n\u0131z \u00f6yk\u00fcye uygun bir ba\u015fl\u0131k koyunuz. 3. &hellip;","og_url":"http:\/\/www.ezbersizegitimplatformu.com\/index.php\/etkinlik-1-3-yazili-anlatim-metin-tamamlama\/","og_site_name":"Ezbersiz E\u011fitim Platformu","article_modified_time":"2023-10-08T14:38:23+00:00","twitter_card":"summary_large_image","twitter_misc":{"Tahmini okuma s\u00fcresi":"1 dakika"},"schema":{"@context":"https:\/\/schema.org","@graph":[{"@type":"WebPage","@id":"http:\/\/www.ezbersizegitimplatformu.com\/index.php\/etkinlik-1-3-yazili-anlatim-metin-tamamlama\/","url":"http:\/\/www.ezbersizegitimplatformu.com\/index.php\/etkinlik-1-3-yazili-anlatim-metin-tamamlama\/","name":"ETK\u0130NL\u0130K 1.3: YAZILI ANLATIM\/MET\u0130N TAMAMLAMA - Ezbersiz E\u011fitim Platformu","isPartOf":{"@id":"https:\/\/www.ezbersizegitimplatformu.com\/#website"},"datePublished":"2023-10-08T09:33:04+00:00","dateModified":"2023-10-08T14:38:23+00:00","breadcrumb":{"@id":"http:\/\/www.ezbersizegitimplatformu.com\/index.php\/etkinlik-1-3-yazili-anlatim-metin-tamamlama\/#breadcrumb"},"inLanguage":"tr","potentialAction":[{"@type":"ReadAction","target":["http:\/\/www.ezbersizegitimplatformu.com\/index.php\/etkinlik-1-3-yazili-anlatim-metin-tamamlama\/"]}]},{"@type":"BreadcrumbList","@id":"http:\/\/www.ezbersizegitimplatformu.com\/index.php\/etkinlik-1-3-yazili-anlatim-metin-tamamlama\/#breadcrumb","itemListElement":[{"@type":"ListItem","position":1,"name":"Anasayfa","item":"https:\/\/www.ezbersizegitimplatformu.com\/"},{"@type":"ListItem","position":2,"name":"ETK\u0130NL\u0130K 1.3: YAZILI ANLATIM\/MET\u0130N TAMAMLAMA"}]},{"@type":"WebSite","@id":"https:\/\/www.ezbersizegitimplatformu.com\/#website","url":"https:\/\/www.ezbersizegitimplatformu.com\/","name":"Ezbersiz E\u011fitim Platformu","description":"&Ccedil;ocuklar\u0131m\u0131z\u0131 Ezberden Kurtarma ve E\u011fitimi D&ouml;n&uuml;\u015ft&uuml;rme Hareketi","potentialAction":[{"@type":"SearchAction","target":{"@type":"EntryPoint","urlTemplate":"https:\/\/www.ezbersizegitimplatformu.com\/?s={search_term_string}"},"query-input":"required name=search_term_string"}],"inLanguage":"tr"}]}},"_links":{"self":[{"href":"http:\/\/www.ezbersizegitimplatformu.com\/index.php\/wp-json\/wp\/v2\/pages\/474"}],"collection":[{"href":"http:\/\/www.ezbersizegitimplatformu.com\/index.php\/wp-json\/wp\/v2\/pages"}],"about":[{"href":"http:\/\/www.ezbersizegitimplatformu.com\/index.php\/wp-json\/wp\/v2\/types\/page"}],"author":[{"embeddable":true,"href":"http:\/\/www.ezbersizegitimplatformu.com\/index.php\/wp-json\/wp\/v2\/users\/1"}],"replies":[{"embeddable":true,"href":"http:\/\/www.ezbersizegitimplatformu.com\/index.php\/wp-json\/wp\/v2\/comments?post=474"}],"version-history":[{"count":3,"href":"http:\/\/www.ezbersizegitimplatformu.com\/index.php\/wp-json\/wp\/v2\/pages\/474\/revisions"}],"predecessor-version":[{"id":497,"href":"http:\/\/www.ezbersizegitimplatformu.com\/index.php\/wp-json\/wp\/v2\/pages\/474\/revisions\/497"}],"wp:attachment":[{"href":"http:\/\/www.ezbersizegitimplatformu.com\/index.php\/wp-json\/wp\/v2\/media?parent=474"}],"curies":[{"name":"wp","href":"https:\/\/api.w.org\/{rel}","templated":true}]}}